{"id":6359,"date":"2020-06-04T11:06:45","date_gmt":"2020-06-04T10:06:45","guid":{"rendered":"https:\/\/www.kickboxclubbasel.ch\/privacy-policy\/"},"modified":"2024-10-13T09:09:50","modified_gmt":"2024-10-13T08:09:50","slug":"privacy-policy","status":"publish","type":"page","link":"https:\/\/www.kickboxclubbasel.ch\/en\/privacy-policy\/","title":{"rendered":"Privacy Policy"},"content":{"rendered":"<div class=\"fusion-fullwidth fullwidth-box fusion-builder-row-1 nonhundred-percent-fullwidth non-hundred-percent-height-scrolling\" style=\"--awb-border-radius-top-left:0px;--awb-border-radius-top-right:0px;--awb-border-radius-bottom-right:0px;--awb-border-radius-bottom-left:0px;--awb-flex-wrap:wrap;\" ><div class=\"fusion-builder-row fusion-row\"><div class=\"fusion-layout-column fusion_builder_column fusion-builder-column-0 fusion_builder_column_1_1 1_1 fusion-one-full fusion-column-first fusion-column-last\" style=\"--awb-bg-size:cover;--awb-margin-bottom:0px;\"><div class=\"fusion-column-wrapper fusion-column-has-shadow fusion-flex-column-wrapper-legacy\"><div class=\"fusion-text fusion-text-1\"><\/p>\n<h2 class=\"wp-block-heading\">&#13;<\/p>\n<h1 class=\"wp-block-heading\">Privacy Policy<\/h1>\n<p>&#13;<\/p>\n<p><strong>Stand: 16. Juni 2020<\/strong><\/p>\n<p>&#13;<\/p>\n<p>Die Plattform <strong>kickboxclubbasel.ch<\/strong> ist ein Angebot der APEX Kampfsport und Fitness GmbH mit Sitz in Basel in der Schweiz (nachfolgend die \u00ab<strong>Plattform<\/strong>\u00bb und die \u00ab<strong>Anbieterin<\/strong>\u00bb). Die Anbieterin informiert mit dieser Datenschutzerkl\u00e4rung \u00fcber die Bearbeitung und den Schutz von Personendaten im Zusammenhang mit der Plattform.<\/p>\n<p>&#13;<\/p>\n<h2>Bearbeitung von Personendaten<\/h2>\n<p>&#13;<\/p>\n<ol>&#13;<\/p>\n<li style=\"list-style-type: none;\">&#13;\n<ol>&#13;<\/p>\n<li>Die Anbieterin unterliegt dem schweizerischen Datenschutzrecht sowie allenfalls anwendbarem ausl\u00e4ndischem Datenschutzrecht wie beispielsweise der Datenschutz-Grundverordnung (DSGVO) der Europ\u00e4ischen Union (EU).<\/li>\n<p>&#13;<\/p>\n<li><i>Personendaten <\/i>sind alle Angaben, die sich auf eine bestimmte oder bestimmbare Person beziehen. <i>Bearbeiten <\/i>umfasst jeden Umgang mit Personendaten, unabh\u00e4ngig von den angewandten Mitteln und Verfahren, insbesondere das Aufbewahren, Archivieren, Bekanntgeben, Beschaffen, Umarbeiten, Vernichten oder Verwenden von Daten.<\/li>\n<p>&#13;<\/p>\n<li>Die Anbieterin bearbeitet f\u00fcr die Plattform jene Personendaten, die Nutzerinnen und Nutzer der Plattform selbst \u00fcbermitteln \u2013 <i>beispielsweise <\/i>bei der Registrierung f\u00fcr ein Nutzerprofil und f\u00fcr die Ver\u00f6ffentlichung von Inhalten \u2013, sowie jene Personendaten, die notwendig sind, um die Plattform betreiben und Leistungen im Zusammenhang mit der Plattform erbringen zu k\u00f6nnen.<\/li>\n<p>&#13;<\/p>\n<li>Beim Zugriff auf die Plattform fallen weitere Daten wie Datums- und Zeitstempel, verwendete Internet Protocol (IP)-Adressen, Adresse und Name jeder abgerufenen Seite, Angaben zu den verwendeten Betriebssystemen und Browsern sowie allenfalls freigegebene Standortangaben in Form von standardm\u00e4ssigen Server-Logdateien an, die im berechtigten Interesse der Anbieterin f\u00fcr die Analyse der Nutzung der Plattform zur statistischen Auswertung, zur Erkennung von technischen Problemen und f\u00fcr kontinuierliche Verbesserungen verwendet werden. Die Anbieterin bearbeitet solche Daten ohne Personenbezug.<\/li>\n<p>&#13;<\/p>\n<li>Die Anbieterin speichert Personendaten f\u00fcr jene Dauer, die notwendig ist, um die Plattform betreiben und Leistungen im Zusammenhang mit der Plattform erbringen zu k\u00f6nnen.<\/li>\n<p>&#13;<\/p>\n<li>Die Anbieterin gibt Personendaten nicht ohne Einwilligung der betroffenen Personen an Dritte weiter. Davon ausgenommen sind gesetzliche Verpflichtungen zur Weitergabe, die Weitergabe, um die Plattform betreiben sowie Leistungen im Zusammenhang mit der Plattform erbringen und verbessern zu k\u00f6nnen, und die Weitergabe, um eigene rechtliche Anspr\u00fcche durchzusetzen. Bei einer allf\u00e4lligen Auftragsdatenbearbeitung \u2013 auch im Ausland \u2013 trifft die Anbieterin angemessene organisatorische und technische Massnahmen, um einen angemessenen Datenschutz zu gew\u00e4hrleisten.<\/li>\n<p>&#13;<\/p>\n<li>Die Anbieterin setzt f\u00fcr den Zugang zur Website Transportverschl\u00fcsselung (SSL \/ TLS, https:\/\/\u2026) ein. Die Kommunikation von Besucherinnen und Besuchern der Plattform wird dadurch vor unberechtigtem Zugriff gesch\u00fctzt.<\/li>\n<p>&#13;<\/p>\n<li>Besuch und Nutzung der Plattform unterliegen \u2013 wie jede Internet-Nutzung \u2013 der anlasslosen und verdachtsunabh\u00e4ngigen Massen\u00fcberwachung durch Sicherheitsbeh\u00f6rden in der Schweiz, in der EU, in den USA und in anderen Staaten. Die Anbieterin kann keinen Einfluss auf die entsprechende Datenbearbeitung durch Geheimdienste, Polizeistellen und andere Sicherheitsbeh\u00f6rden nehmen.<\/li>\n<p>&#13;\n<\/ol>\n<p>&#13;\n<\/li>\n<p>&#13;\n<\/ol>\n<p>&#13;<\/p>\n<h2>Cookies und Z\u00e4hlpixel<\/h2>\n<p>&#13;<\/p>\n<ol>&#13;<\/p>\n<li style=\"list-style-type: none;\">&#13;\n<ol>&#13;<\/p>\n<li>Auf der Plattform k\u00f6nnen Cookies und Z\u00e4hlpixel (Web Beacons) der Anbieterin und von Dritten eingesetzt werden. Cookies und Z\u00e4hlpixel dienen, auch bei der Verwendung von Diensten Dritter (Third-Party Cookies), der Analyse der Nutzung der Plattform zur statistischen Auswertung, zur Erkennung von technischen Problemen und f\u00fcr kontinuierliche Verbesserungen der Plattform.<\/li>\n<p>&#13;<\/p>\n<li>Cookies sind <i>insbesondere <\/i>kleine Textdateien, die auf den Smartphones und sonstigen Endger\u00e4ten von Besucherinnen und Besuchern der Plattform gespeichert werden. Z\u00e4hlpixel werden beim Besuch der Plattform abgerufen. Die Anbieterin speichert Cookies f\u00fcr jene Dauer, die notwendig ist, um die Plattform betreiben und Leistungen im Zusammenhang mit der Plattform erbringen zu k\u00f6nnen.<\/li>\n<p>&#13;<\/p>\n<li>Cookies der Anbieterin oder von Dritten k\u00f6nnen in den Browser-Einstellungen jederzeit ganz oder teilweise deaktiviert sowie gel\u00f6scht werden. Z\u00e4hlpixel k\u00f6nnen in den Browser-Einstellungen oder mit entsprechenden Browser-Erweiterungen blockiert werden. Bei deaktivierten Cookies stehen allenfalls nicht mehr alle Funktionen der Plattform zur Verf\u00fcgung.<\/li>\n<p>&#13;\n<\/ol>\n<p>&#13;\n<\/li>\n<p>&#13;\n<\/ol>\n<p>&#13;<\/p>\n<h2>Benachrichtigungen und Newsletter<\/h2>\n<p>&#13;<\/p>\n<ol>&#13;<\/p>\n<li style=\"list-style-type: none;\">&#13;\n<ol>&#13;<\/p>\n<li>Die Anbieterin kann Nutzerinnen und Nutzer der Plattform per E-Mail und \u00fcber andere Kommunikationskan\u00e4le benachrichtigen oder anderweitig im Zusammenhang mit der Plattform informieren. Die Anbieterin kann Newsletter per E-Mail und \u00fcber andere Kommunikationskan\u00e4le anbieten.<\/li>\n<p>&#13;<\/p>\n<li>Benachrichtigungen und Newsletter der Anbieterin k\u00f6nnen Grafiken oder Weblinks enthalten, die erfassen, ob eine einzelne Benachrichtigung oder ein einzelner Newsletter ge\u00f6ffnet wurde und welche Weblinks dabei angeklickt wurden. Solche Grafiken und Weblinks erfassen die Nutzung von Benachrichtigungen und Newslettern f\u00fcr die Analyse der Nutzung von Newslettern zur statistischen Auswertung, zur Erkennung von technischen Problemen und f\u00fcr kontinuierliche Verbesserungen der Plattform. Empf\u00e4ngerinnen und Empf\u00e4nger von Benachrichtigungen und Newslettern k\u00f6nnen sich jederzeit abmelden und dadurch der erw\u00e4hnten Analyse widersprechen.<\/li>\n<p>&#13;\n<\/ol>\n<p>&#13;\n<\/li>\n<p>&#13;\n<\/ol>\n<p>&#13;<\/p>\n<h2>Verwendung von Google Analytics, Google Fonts und Google ReCAPTCHA<\/h2>\n<p>&#13;<\/p>\n<ol>&#13;<\/p>\n<li style=\"list-style-type: none;\">&#13;\n<ol>&#13;<\/p>\n<li>Die Anbieterin verwendet <b>Google Analytics<\/b> f\u00fcr die Analyse der Nutzung der Plattform zur statistischen Auswertung, zur Erkennung von technischen Problemen und f\u00fcr kontinuierliche Verbesserungen der Plattform. Die Anbieterin verwendet <b>Google Fonts<\/b>, um ausgew\u00e4hlte Schriftarten f\u00fcr die Plattform nutzen zu k\u00f6nnen. Die Anbieterin verwendet <b>Google<\/b> ReCAPTCHA f\u00fcr den Schutz gegen Bots und Spam. Google Analytics, Google Fonts und Google ReCAPTCHA sind Dienste der amerikanischen Google LLC. IP-Adressen werden \u2013 ausser in Ausnahmef\u00e4llen \u2013 f\u00fcr Google Analytics gek\u00fcrzt und dadurch anonymisiert an Google in den USA \u00fcbertragen. Google unterliegt sowohl dem EU-amerikanischen Privacy Shield als auch dem schweizerisch-amerikanischen <a href=\"https:\/\/www.privacyshield.gov\" data-htmlarea-external=\"1\">Privacy Shield<\/a>. Der Erfassung durch Google Analytics kann durch das <a href=\"https:\/\/tools.google.com\/dlpage\/gaoptout?hl=de\" data-htmlarea-external=\"1\">\u00abBrowser Add-on zur Deaktivierung von Google Analytics\u00bb<\/a> oder durch ein entsprechendes \u00ab<span style=\"cursor: pointer;\"><a href=\"https:\/\/www.kunschtplatz.ch\/\">Opt-out<\/a><\/span>\u00bb-Cookie widersprochen werden. F\u00fcr Google Fonts und Google reCAPTCHA werden \u2013 soweit ersichtlich und wenn \u00fcberhaupt \u2013 Personendaten nur im erforderlichen Umfang und f\u00fcr beschr\u00e4nkte Zeit bearbeitet. Google hat <i>insbesondere <\/i>folgende Informationen zu Art, Umfang und Zweck der Datenbearbeitung ver\u00f6ffentlicht: <a href=\"https:\/\/www.google.com\/analytics\/terms\/de.html\" data-htmlarea-external=\"1\">Google Analytics-Bedingungen<\/a>, <a href=\"https:\/\/www.google.de\/intl\/de\/policies\/\" data-htmlarea-external=\"1\">Datenschutzerkl\u00e4rung und Nutzungsbedingungen<\/a>.<\/li>\n<p>&#13;\n<\/ol>\n<p>&#13;\n<\/li>\n<p>&#13;\n<\/ol>\n<p>&#13;<\/p>\n<h2>Verwendung von MailChimp<\/h2>\n<p>&#13;<\/p>\n<ol>&#13;<\/p>\n<li style=\"list-style-type: none;\">&#13;\n<ol>&#13;<\/p>\n<li>Die Anbieterin verwendet MailChimp f\u00fcr den Newsletter-Versand. MailChimp ist ein Angebot der amerikanischen The Rocket Science Group LLC d\/b\/a, die sowohl dem EU-amerikanischen Privacy Shield als auch dem schweizerisch-amerikanischen Privacy Shield unterliegt. F\u00fcr MailChimp wurden insbesondere folgende Informationen zu Art, Umfang und Zweck der Datenbearbeitung ver\u00f6ffentlicht: Datenschutzerkl\u00e4rung, Cookies, Informationen zur DSGVO, Eintrag in der Privacy Shield-Liste.<\/li>\n<p>&#13;\n<\/ol>\n<p>&#13;\n<\/li>\n<p>&#13;\n<\/ol>\n<p>&#13;<\/p>\n<h2>Rechtsgrundlagen gem\u00e4ss Datenschutz-Grundverordnung<\/h2>\n<p>&#13;<\/p>\n<ol>&#13;<\/p>\n<li style=\"list-style-type: none;\">&#13;\n<ol>&#13;<\/p>\n<li>Rechtsgrundlage gem\u00e4ss DSGVO f\u00fcr die Bearbeitung von Personendaten mit Einwilligung der betroffenen Personen bildet Art. 6 Abs. 1 Bst. a DSGVO.<\/li>\n<p>&#13;<\/p>\n<li>Rechtsgrundlage f\u00fcr die Bearbeitung von Personendaten, die zur Erf\u00fcllung eines Vertrages mit betroffenen Personen oder f\u00fcr die Erf\u00fcllung rechtlicher Verpflichtungen erforderlich sind, bilden Art. 6 Abs. 1 Bst. b DSGVO und Art. 6 Abs. 1 Bst. c DSGVO.<\/li>\n<p>&#13;<\/p>\n<li>Rechtsgrundlage f\u00fcr die Bearbeitung von Personendaten, die f\u00fcr den Schutz lebenswichtiger Interessen von betroffenen Personen oder anderen Personen erforderlich ist, bildet insbesondere Art. 6 Abs. 1 Bst. d DSGVO.<\/li>\n<p>&#13;<\/p>\n<li>Rechtsgrundlage f\u00fcr die Bearbeitung von Personendaten, die zur Wahrung unserer berechtigten Interessen notwendig ist, aber von keiner anderen Rechtsgrundlage erfasst wird, bildet Art. 6 Abs. 1 Bst. f DSGVO, sofern keine Grundfreiheiten und Grundrechte oder Interessen der betroffenen Personen, die den Schutz von Personendaten erfordern, \u00fcberwiegen, insbesondere wenn es sich bei den betroffenen Personen um Kinder handelt. Bei der Bearbeitung von Personendaten in diesem Rahmen liegt unser berechtigtes Interesse in der Gew\u00e4hrleistung der Informationssicherheit sowie in der eigenen unternehmerischen T\u00e4tigkeit zum Vorteil von Allgemeinheit, Eigent\u00fcmerinnen und Eigent\u00fcmern sowie Kundinnen und Kunden beziehungsweise Nutzerinnen und Nutzern.<\/li>\n<p>&#13;\n<\/ol>\n<p>&#13;\n<\/li>\n<p>&#13;\n<\/ol>\n<p>&#13;<\/p>\n<h2>Rechte von Besuchern und Nutzern<\/h2>\n<p>&#13;<\/p>\n<ol>&#13;<\/p>\n<li style=\"list-style-type: none;\">&#13;\n<ol>&#13;<\/p>\n<li>Personen, deren Daten durch die Anbieterin bearbeitet werden, k\u00f6nnen ihre Daten berichtigen, sperren oder l\u00f6schen lassen, Auskunft \u00fcber die Bearbeitung ihrer Daten verlangen, die Bearbeitung ihrer Personendaten einschr\u00e4nken lassen, ihr Recht auf Daten\u00fcbertragbarkeit wahrnehmen, ihre Personendaten berichtigen, l\u00f6schen (\u00abRecht auf Vergessenwerden\u00bb) oder sperren lassen, erteilte Einwilligungen widerrufen und Widerspruch gegen die Bearbeitung ihrer Daten erheben. Die Anmeldung solcher Anspr\u00fcche und Ausk\u00fcnfte bei der Anbieterin gem\u00e4ss Datenschutzrecht erfolgen in der Regel per E-Mail, k\u00f6nnen aber auch per Briefpost erfolgen.<\/li>\n<p>&#13;<\/p>\n<li>Personen, deren Daten durch die Anbieterin bearbeitet werden, verf\u00fcgen \u00fcber ein Beschwerderecht bei einer zust\u00e4ndigen Aufsichtsbeh\u00f6rde f\u00fcr den Datenschutz. Aufsichtsbeh\u00f6rde f\u00fcr den Datenschutz in der Schweiz ist der <a class=\"external-link-new-window\" title=\"Opens internal link in current window\" href=\"https:\/\/www.edoeb.admin.ch\/edoeb\/de\/home\/datenschutz.html\" target=\"_blank\" rel=\"noopener noreferrer\" data-htmlarea-external=\"1\">Eidgen\u00f6ssische Datenschutz- und \u00d6ffentlichkeitsbeauftragte (ED\u00d6B)<\/a>.<\/li>\n<p>&#13;<\/p>\n<li>Rechte, die Personen, deren Daten durch die Anbieterin bearbeitet werden, gem\u00e4ss schweizerischem Datenschutzrecht nicht zustehen, gew\u00e4hrt die Anbieterin solchen Personen \u2013 sofern und soweit gem\u00e4ss schweizerischem Recht zul\u00e4ssig \u2013 freiwillig, sofern und soweit das EU-Datenschutzrecht solche Rechte vorsieht.<\/li>\n<p>&#13;\n<\/ol>\n<p>&#13;\n<\/li>\n<p>&#13;\n<\/ol>\n<p>&#13;<\/p>\n<h2>Kontaktadressen und Verantwortung<\/h2>\n<p>&#13;<\/p>\n<ol>&#13;<\/p>\n<li style=\"list-style-type: none;\">&#13;\n<ol>&#13;<\/p>\n<li>Bei der Anbieterin ist Malek Belguith f\u00fcr den Datenschutz verantwortlich. Die Anbieterin ist unter folgenden Kontaktadressen erreichbar:<br\/><strong>APEX Kampfsport und Fitness GmbH<\/strong><br\/>C\/o Malek Belguith<br\/>In den Ziegelh\u00f6fen\u00a086<br\/>4054\u00a0Basel<br\/>Schweiz<br\/><a class=\" link\" href=\"mailto:info@kickboxclubbasel.ch\">info@kickboxclubbasel.ch<\/a><\/li>\n<p>&#13;\n<\/ol>\n<p>&#13;\n<\/li>\n<p>&#13;\n<\/ol>\n<p>&#13;<\/p>\n<h2>Schlussbestimmungen<\/h2>\n<p>&#13;<\/p>\n<p>Die Anbieterin kann diese Datenschutzerkl\u00e4rung jederzeit \u00e4ndern. Die Anbieterin informiert in geeigneter Form auf der Plattform \u00fcber solche \u00c4nderungen.<\/p>\n<p>&#13;<\/p>\n<h2><\/h2>\n<\/h2>\n<\/div><div class=\"fusion-clearfix\"><\/div><\/div><\/div><\/div><\/div>\n","protected":false},"excerpt":{"rendered":"","protected":false},"author":1,"featured_media":0,"parent":0,"menu_order":0,"comment_status":"closed","ping_status":"open","template":"","meta":{"footnotes":""},"class_list":["post-6359","page","type-page","status-publish","hentry"],"yoast_head":"<!-- This site is optimized with the Yoast SEO plugin v25.3 - https:\/\/yoast.com\/wordpress\/plugins\/seo\/ -->\n<title>Privacy Policy - Kickbox Club APEX Basel<\/title>\n<meta name=\"robots\" content=\"index, follow, max-snippet:-1, max-image-preview:large, max-video-preview:-1\" \/>\n<link rel=\"canonical\" href=\"https:\/\/www.kickboxclubbasel.ch\/en\/privacy-policy\/\" \/>\n<meta property=\"og:locale\" content=\"en_US\" \/>\n<meta property=\"og:type\" content=\"article\" \/>\n<meta property=\"og:title\" content=\"Privacy Policy - Kickbox Club APEX Basel\" \/>\n<meta property=\"og:url\" content=\"https:\/\/www.kickboxclubbasel.ch\/en\/privacy-policy\/\" \/>\n<meta property=\"og:site_name\" content=\"Kickbox Club APEX Basel\" \/>\n<meta property=\"article:publisher\" content=\"https:\/\/www.facebook.com\/kickboxclubapexbasel\/\" \/>\n<meta property=\"article:modified_time\" content=\"2024-10-13T08:09:50+00:00\" \/>\n<meta property=\"og:image\" content=\"https:\/\/www.kickboxclubbasel.ch\/wp-content\/uploads\/2020\/10\/og_kickbox-club-apex.jpg\" \/>\n\t<meta property=\"og:image:width\" content=\"1200\" \/>\n\t<meta property=\"og:image:height\" content=\"630\" \/>\n\t<meta property=\"og:image:type\" content=\"image\/jpeg\" \/>\n<meta name=\"twitter:card\" content=\"summary_large_image\" \/>\n<meta name=\"twitter:label1\" content=\"Est. reading time\" \/>\n\t<meta name=\"twitter:data1\" content=\"9 minutes\" \/>\n<script type=\"application\/ld+json\" class=\"yoast-schema-graph\">{\"@context\":\"https:\/\/schema.org\",\"@graph\":[{\"@type\":\"WebPage\",\"@id\":\"https:\/\/www.kickboxclubbasel.ch\/en\/privacy-policy\/\",\"url\":\"https:\/\/www.kickboxclubbasel.ch\/en\/privacy-policy\/\",\"name\":\"Privacy Policy - Kickbox Club APEX Basel\",\"isPartOf\":{\"@id\":\"https:\/\/www.kickboxclubbasel.ch\/en\/#website\"},\"datePublished\":\"2020-06-04T10:06:45+00:00\",\"dateModified\":\"2024-10-13T08:09:50+00:00\",\"breadcrumb\":{\"@id\":\"https:\/\/www.kickboxclubbasel.ch\/en\/privacy-policy\/#breadcrumb\"},\"inLanguage\":\"en-US\",\"potentialAction\":[{\"@type\":\"ReadAction\",\"target\":[\"https:\/\/www.kickboxclubbasel.ch\/en\/privacy-policy\/\"]}]},{\"@type\":\"BreadcrumbList\",\"@id\":\"https:\/\/www.kickboxclubbasel.ch\/en\/privacy-policy\/#breadcrumb\",\"itemListElement\":[{\"@type\":\"ListItem\",\"position\":1,\"name\":\"Startseite\",\"item\":\"https:\/\/www.kickboxclubbasel.ch\/en\/\"},{\"@type\":\"ListItem\",\"position\":2,\"name\":\"Privacy Policy\"}]},{\"@type\":\"WebSite\",\"@id\":\"https:\/\/www.kickboxclubbasel.ch\/en\/#website\",\"url\":\"https:\/\/www.kickboxclubbasel.ch\/en\/\",\"name\":\"Kickbox Club APEX Basel\",\"description\":\"\",\"publisher\":{\"@id\":\"https:\/\/www.kickboxclubbasel.ch\/en\/#organization\"},\"potentialAction\":[{\"@type\":\"SearchAction\",\"target\":{\"@type\":\"EntryPoint\",\"urlTemplate\":\"https:\/\/www.kickboxclubbasel.ch\/en\/?s={search_term_string}\"},\"query-input\":{\"@type\":\"PropertyValueSpecification\",\"valueRequired\":true,\"valueName\":\"search_term_string\"}}],\"inLanguage\":\"en-US\"},{\"@type\":\"Organization\",\"@id\":\"https:\/\/www.kickboxclubbasel.ch\/en\/#organization\",\"name\":\"Kickbox Clup APEX Basel\",\"url\":\"https:\/\/www.kickboxclubbasel.ch\/en\/\",\"logo\":{\"@type\":\"ImageObject\",\"inLanguage\":\"en-US\",\"@id\":\"https:\/\/www.kickboxclubbasel.ch\/en\/#\/schema\/logo\/image\/\",\"url\":\"https:\/\/www.kickboxclubbasel.ch\/wp-content\/uploads\/2020\/10\/og_kickbox-club-apex.jpg\",\"contentUrl\":\"https:\/\/www.kickboxclubbasel.ch\/wp-content\/uploads\/2020\/10\/og_kickbox-club-apex.jpg\",\"width\":1200,\"height\":630,\"caption\":\"Kickbox Clup APEX Basel\"},\"image\":{\"@id\":\"https:\/\/www.kickboxclubbasel.ch\/en\/#\/schema\/logo\/image\/\"},\"sameAs\":[\"https:\/\/www.facebook.com\/kickboxclubapexbasel\/\",\"https:\/\/www.instagram.com\/kickboxclub_apex_basel\/\",\"https:\/\/www.youtube.com\/channel\/UCSp7yXu62t-qHjuNka2ZFug\"]}]}<\/script>\n<!-- \/ Yoast SEO plugin. -->","yoast_head_json":{"title":"Privacy Policy - Kickbox Club APEX Basel","robots":{"index":"index","follow":"follow","max-snippet":"max-snippet:-1","max-image-preview":"max-image-preview:large","max-video-preview":"max-video-preview:-1"},"canonical":"https:\/\/www.kickboxclubbasel.ch\/en\/privacy-policy\/","og_locale":"en_US","og_type":"article","og_title":"Privacy Policy - Kickbox Club APEX Basel","og_url":"https:\/\/www.kickboxclubbasel.ch\/en\/privacy-policy\/","og_site_name":"Kickbox Club APEX Basel","article_publisher":"https:\/\/www.facebook.com\/kickboxclubapexbasel\/","article_modified_time":"2024-10-13T08:09:50+00:00","og_image":[{"width":1200,"height":630,"url":"https:\/\/www.kickboxclubbasel.ch\/wp-content\/uploads\/2020\/10\/og_kickbox-club-apex.jpg","type":"image\/jpeg"}],"twitter_card":"summary_large_image","twitter_misc":{"Est. reading time":"9 minutes"},"schema":{"@context":"https:\/\/schema.org","@graph":[{"@type":"WebPage","@id":"https:\/\/www.kickboxclubbasel.ch\/en\/privacy-policy\/","url":"https:\/\/www.kickboxclubbasel.ch\/en\/privacy-policy\/","name":"Privacy Policy - Kickbox Club APEX Basel","isPartOf":{"@id":"https:\/\/www.kickboxclubbasel.ch\/en\/#website"},"datePublished":"2020-06-04T10:06:45+00:00","dateModified":"2024-10-13T08:09:50+00:00","breadcrumb":{"@id":"https:\/\/www.kickboxclubbasel.ch\/en\/privacy-policy\/#breadcrumb"},"inLanguage":"en-US","potentialAction":[{"@type":"ReadAction","target":["https:\/\/www.kickboxclubbasel.ch\/en\/privacy-policy\/"]}]},{"@type":"BreadcrumbList","@id":"https:\/\/www.kickboxclubbasel.ch\/en\/privacy-policy\/#breadcrumb","itemListElement":[{"@type":"ListItem","position":1,"name":"Startseite","item":"https:\/\/www.kickboxclubbasel.ch\/en\/"},{"@type":"ListItem","position":2,"name":"Privacy Policy"}]},{"@type":"WebSite","@id":"https:\/\/www.kickboxclubbasel.ch\/en\/#website","url":"https:\/\/www.kickboxclubbasel.ch\/en\/","name":"Kickbox Club APEX Basel","description":"","publisher":{"@id":"https:\/\/www.kickboxclubbasel.ch\/en\/#organization"},"potentialAction":[{"@type":"SearchAction","target":{"@type":"EntryPoint","urlTemplate":"https:\/\/www.kickboxclubbasel.ch\/en\/?s={search_term_string}"},"query-input":{"@type":"PropertyValueSpecification","valueRequired":true,"valueName":"search_term_string"}}],"inLanguage":"en-US"},{"@type":"Organization","@id":"https:\/\/www.kickboxclubbasel.ch\/en\/#organization","name":"Kickbox Clup APEX Basel","url":"https:\/\/www.kickboxclubbasel.ch\/en\/","logo":{"@type":"ImageObject","inLanguage":"en-US","@id":"https:\/\/www.kickboxclubbasel.ch\/en\/#\/schema\/logo\/image\/","url":"https:\/\/www.kickboxclubbasel.ch\/wp-content\/uploads\/2020\/10\/og_kickbox-club-apex.jpg","contentUrl":"https:\/\/www.kickboxclubbasel.ch\/wp-content\/uploads\/2020\/10\/og_kickbox-club-apex.jpg","width":1200,"height":630,"caption":"Kickbox Clup APEX Basel"},"image":{"@id":"https:\/\/www.kickboxclubbasel.ch\/en\/#\/schema\/logo\/image\/"},"sameAs":["https:\/\/www.facebook.com\/kickboxclubapexbasel\/","https:\/\/www.instagram.com\/kickboxclub_apex_basel\/","https:\/\/www.youtube.com\/channel\/UCSp7yXu62t-qHjuNka2ZFug"]}]}},"_links":{"self":[{"href":"https:\/\/www.kickboxclubbasel.ch\/en\/wp-json\/wp\/v2\/pages\/6359","targetHints":{"allow":["GET"]}}],"collection":[{"href":"https:\/\/www.kickboxclubbasel.ch\/en\/wp-json\/wp\/v2\/pages"}],"about":[{"href":"https:\/\/www.kickboxclubbasel.ch\/en\/wp-json\/wp\/v2\/types\/page"}],"author":[{"embeddable":true,"href":"https:\/\/www.kickboxclubbasel.ch\/en\/wp-json\/wp\/v2\/users\/1"}],"replies":[{"embeddable":true,"href":"https:\/\/www.kickboxclubbasel.ch\/en\/wp-json\/wp\/v2\/comments?post=6359"}],"version-history":[{"count":4,"href":"https:\/\/www.kickboxclubbasel.ch\/en\/wp-json\/wp\/v2\/pages\/6359\/revisions"}],"predecessor-version":[{"id":13490,"href":"https:\/\/www.kickboxclubbasel.ch\/en\/wp-json\/wp\/v2\/pages\/6359\/revisions\/13490"}],"wp:attachment":[{"href":"https:\/\/www.kickboxclubbasel.ch\/en\/wp-json\/wp\/v2\/media?parent=6359"}],"curies":[{"name":"wp","href":"https:\/\/api.w.org\/{rel}","templated":true}]}}